{"id":1809,"date":"2024-12-07T13:40:57","date_gmt":"2024-12-07T13:40:57","guid":{"rendered":"https:\/\/rentaknife.com\/product\/abonnieren-sie-professionelle-japanische-kochmesser-fuer-sorgenfreies-schneiden-zu-einem-festen-monatlichen-preis\/"},"modified":"2025-09-16T12:25:28","modified_gmt":"2025-09-16T12:25:28","slug":"abonnieren-sie-professionelle-japanische-kochmesser-fuer-sorgenfreies-schneiden-zu-einem-festen-monatlichen-preis","status":"publish","type":"product","link":"https:\/\/rentaknife.com\/de\/product\/abonnieren-sie-professionelle-japanische-kochmesser-fuer-sorgenfreies-schneiden-zu-einem-festen-monatlichen-preis\/","title":{"rendered":"Abonnieren"},"content":{"rendered":"<h4 data-start=\"0\" data-end=\"92\"><strong data-start=\"4\" data-end=\"90\">Rentaknife\u00ae &#8211; Die intelligente L\u00f6sung, um immer professionell geschliffene Messer zu haben<\/strong><\/h4>\n<h4 data-start=\"94\" data-end=\"150\"><strong data-start=\"99\" data-end=\"148\">1. W\u00e4hlen Sie ein Abonnement, das zu Ihren Bed\u00fcrfnissen passt<\/strong><\/h4>\n<p data-start=\"152\" data-end=\"285\">Stellen Sie sicher, dass Sie immer \u00fcber <strong data-start=\"175\" data-end=\"197\">messerscharfe Messer<\/strong> verf\u00fcgen, ohne dass Sie sich um das Sch\u00e4rfen k\u00fcmmern m\u00fcssen. Mit Rentaknife\u00ae k\u00f6nnen Sie Ihr Abonnement individuell gestalten: <\/p>\n<ul data-start=\"287\" data-end=\"521\">\n<li data-start=\"287\" data-end=\"367\"><strong data-start=\"289\" data-end=\"303\">H\u00e4ufigkeit:<\/strong> Sie k\u00f6nnen w\u00e4hlen, ob Sie Ihre Messer <strong data-start=\"335\" data-end=\"364\">1, 2 oder 3 Mal pro Jahr<\/strong> austauschen m\u00f6chten.<\/li>\n<li data-start=\"368\" data-end=\"439\"><strong data-start=\"370\" data-end=\"383\">Dauer:<\/strong> W\u00e4hlen Sie eine Abonnementdauer von <strong data-start=\"416\" data-end=\"436\">1, 2 oder 3 Jahren<\/strong>.<\/li>\n<li data-start=\"440\" data-end=\"521\"><strong data-start=\"442\" data-end=\"460\">Messer-Optionen:<\/strong> W\u00e4hlen Sie die <strong data-start=\"470\" data-end=\"495\">idealen japanischen Messer<\/strong> f\u00fcr Ihre Kochbed\u00fcrfnisse.<\/li>\n<\/ul>\n<p data-start=\"523\" data-end=\"646\">Dies k\u00f6nnen Sie ganz einfach online \u00fcber die <a href=\"https:\/\/rentaknife.com\/de\/\" target=\"_new\" rel=\"noopener\" data-start=\"566\" data-end=\"612\">Rentaknife\u00ae-Website<\/a> oder \u00fcber einen unserer Berater erledigen.<\/p>\n<hr data-start=\"648\" data-end=\"653\">\n<h4 data-start=\"655\" data-end=\"714\"><strong data-start=\"660\" data-end=\"712\">2. Erhalten Sie ein Set professioneller japanischer Messer<\/strong><\/h4>\n<p data-start=\"716\" data-end=\"855\">Nach der Anmeldung erhalten Sie ein <strong data-start=\"754\" data-end=\"793\">hochwertiges japanisches Messerset<\/strong>, das auf Pr\u00e4zision und Haltbarkeit ausgelegt ist. Diese Messer bieten: <\/p>\n<ul data-start=\"857\" data-end=\"1117\">\n<li data-start=\"857\" data-end=\"910\"><strong data-start=\"859\" data-end=\"884\">Au\u00dfergew\u00f6hnliche Sch\u00e4rfe<\/strong> f\u00fcr m\u00fcheloses Schneiden.<\/li>\n<li data-start=\"911\" data-end=\"975\"><strong data-start=\"913\" data-end=\"943\">Hochwertige Stahlkonstruktion<\/strong> f\u00fcr Langlebigkeit und Widerstandsf\u00e4higkeit.<\/li>\n<li data-start=\"976\" data-end=\"1117\"><strong data-start=\"978\" data-end=\"1000\">Ma\u00dfgeschneiderte Auswahl<\/strong> auf der Grundlage Ihrer K\u00fcchenanforderungen. Entdecken Sie die verf\u00fcgbaren Messer auf der <a href=\"https:\/\/rentaknife.com\/de\/messer\/\" target=\"_new\" rel=\"noopener\" data-start=\"1069\" data-end=\"1114\">Messerseite<\/a>. <\/li>\n<\/ul>\n<hr data-start=\"1119\" data-end=\"1124\">\n<h4 data-start=\"1126\" data-end=\"1176\"><strong data-start=\"1131\" data-end=\"1174\">3. Messertausch &#8211; Immer scharfe Messer<\/strong><\/h4>\n<p data-start=\"1178\" data-end=\"1246\">Kein \u00c4rger mehr mit stumpfen Messern. Wenn es Zeit f\u00fcr einen Austausch ist: <\/p>\n<ul data-start=\"1248\" data-end=\"1482\">\n<li data-start=\"1248\" data-end=\"1336\"><strong data-start=\"1250\" data-end=\"1285\">Sie erhalten ein frisch geschliffenes Set<\/strong> mit professionellen Messern, die sofort einsatzbereit sind.<\/li>\n<li data-start=\"1337\" data-end=\"1395\"><strong data-start=\"1339\" data-end=\"1366\">Geben Sie Ihre gebrauchten Messer<\/strong> in der mitgelieferten Verpackung <strong data-start=\"1339\" data-end=\"1366\">zur\u00fcck<\/strong>.<\/li>\n<li data-start=\"1396\" data-end=\"1482\"><strong data-start=\"1398\" data-end=\"1461\">Rentaknife\u00ae sch\u00e4rft die Messer professionell und recycelt sie<\/strong> f\u00fcr den weiteren Gebrauch.<\/li>\n<\/ul>\n<p data-start=\"1484\" data-end=\"1584\">Alle Einzelheiten finden Sie auf unserer <a href=\"https:\/\/rentaknife.com\/de\/schaerfdienst-seit-1927\/\" target=\"_new\" rel=\"noopener\" data-start=\"1512\" data-end=\"1581\">Seite zum Sch\u00e4rfdienst<\/a>.<\/p>\n<hr data-start=\"1586\" data-end=\"1591\">\n<h4 data-start=\"1593\" data-end=\"1648\"><strong data-start=\"1598\" data-end=\"1646\">4. Umfassender Sch\u00e4rfungsservice inbegriffen<\/strong><\/h4>\n<p data-start=\"1650\" data-end=\"1762\">Rentaknife\u00ae macht das manuelle Sch\u00e4rfen \u00fcberfl\u00fcssig und bietet Ihnen einen <strong data-start=\"1711\" data-end=\"1749\">professionellen Service<\/strong>, der Ihnen <strong data-start=\"1711\" data-end=\"1749\">alles abnimmt<\/strong>:<\/p>\n<ul data-start=\"1764\" data-end=\"1966\">\n<li data-start=\"1764\" data-end=\"1825\"><strong data-start=\"1766\" data-end=\"1801\">Gleichbleibend rasiermesserscharfe Messer<\/strong> ohne zus\u00e4tzlichen Aufwand.<\/li>\n<li data-start=\"1826\" data-end=\"1899\"><strong data-start=\"1828\" data-end=\"1861\">Nachhaltige Messerpflege<\/strong>, bei der jede Klinge fachm\u00e4nnisch restauriert wird.<\/li>\n<li data-start=\"1900\" data-end=\"1966\">Sie <strong data-start=\"1902\" data-end=\"1929\">brauchen sich nicht um die Wartung zu k\u00fcmmern<\/strong>, da alles f\u00fcr Sie erledigt wird.<\/li>\n<\/ul>\n<p data-start=\"1968\" data-end=\"2076\">Erfahren Sie mehr \u00fcber unseren Prozess auf der <a href=\"https:\/\/rentaknife.com\/de\/schaerfdienst-seit-1927\/\" target=\"_new\" rel=\"noopener\" data-start=\"2004\" data-end=\"2073\">Seite Sch\u00e4rfungsservice<\/a>.<\/p>\n<hr data-start=\"2078\" data-end=\"2083\">\n<h3 data-start=\"2085\" data-end=\"2136\"><strong data-start=\"2089\" data-end=\"2134\">Toolflex\u00ae 8-teiliges Aufbewahrungssystem im Lieferumfang enthalten<\/strong><\/h3>\n<p data-start=\"2138\" data-end=\"2259\">Jedes Abonnement wird mit dem <strong data-start=\"2172\" data-end=\"2200\">Toolflex\u00ae-Aufbewahrungssystem<\/strong> geliefert, mit dem Sie Ihre Messer sicher und effizient aufbewahren k\u00f6nnen.<\/p>\n<ul data-start=\"2261\" data-end=\"2533\">\n<li data-start=\"2261\" data-end=\"2329\"><strong data-start=\"2263\" data-end=\"2274\">Sicherheit:<\/strong> H\u00e4lt die Messer sicher und reduziert das Risiko von Unf\u00e4llen.<\/li>\n<li data-start=\"2330\" data-end=\"2389\"><strong data-start=\"2332\" data-end=\"2349\">Organisation:<\/strong> Sorgt f\u00fcr eine saubere, effiziente K\u00fcche.<\/li>\n<li data-start=\"2390\" data-end=\"2457\"><strong data-start=\"2392\" data-end=\"2416\">Platzsparendes Design:<\/strong> Geeignet f\u00fcr Schubladen oder Wandmontage.<\/li>\n<li data-start=\"2458\" data-end=\"2533\"><strong data-start=\"2460\" data-end=\"2488\">Professionelles Aussehen:<\/strong> Elegant und praktisch f\u00fcr jede K\u00fccheneinrichtung.<\/li>\n<\/ul>\n<p data-start=\"2535\" data-end=\"2627\">Weitere Einzelheiten finden Sie auf der <a href=\"https:\/\/rentaknife.com\/de\/speichersystem\/\" target=\"_new\" rel=\"noopener\" data-start=\"2563\" data-end=\"2624\">Seite des Speichersystems<\/a>.<\/p>\n<hr data-start=\"2629\" data-end=\"2634\">\n<h2 data-start=\"2636\" data-end=\"2668\"><strong data-start=\"2639\" data-end=\"2666\">Warum Rentaknife\u00ae w\u00e4hlen?<\/strong><\/h2>\n<ul data-start=\"2670\" data-end=\"2980\">\n<li data-start=\"2670\" data-end=\"2733\"><strong data-start=\"2672\" data-end=\"2686\">Seit 1927<\/strong> ein zuverl\u00e4ssiger Experte f\u00fcr hochwertige K\u00fcchenmesser.<\/li>\n<li data-start=\"2734\" data-end=\"2788\"><strong data-start=\"2736\" data-end=\"2762\">Flexible Abonnements<\/strong>, die auf Ihre Bed\u00fcrfnisse zugeschnitten sind.<\/li>\n<li data-start=\"2789\" data-end=\"2850\"><strong data-start=\"2791\" data-end=\"2818\">Problemlose Wartung<\/strong> mit Full-Service-Sch\u00e4rfung.<\/li>\n<li data-start=\"2851\" data-end=\"2917\"><strong data-start=\"2853\" data-end=\"2882\">Messer in Profiqualit\u00e4t<\/strong>, immer scharf und einsatzbereit.<\/li>\n<li data-start=\"2918\" data-end=\"2980\"><strong data-start=\"2920\" data-end=\"2949\">Enth\u00e4lt ein Aufbewahrungssystem<\/strong> f\u00fcr Sicherheit und Organisation.<\/li>\n<\/ul>\n<p data-start=\"2982\" data-end=\"3140\">F\u00fcr ein nahtloses Kocherlebnis mit perfekt geschliffenen Messern erkunden Sie unsere Optionen und abonnieren Sie \u00fcber die <a href=\"https:\/\/rentaknife.com\/de\/\" target=\"_new\" rel=\"noopener\" data-start=\"3091\" data-end=\"3137\">Rentaknife\u00ae Website<\/a>.<\/p>\n<p data-start=\"3142\" data-end=\"3215\" data-is-last-node=\"\" data-is-only-node=\"\">F\u00fcr Anfragen besuchen Sie bitte unsere <a href=\"https:\/\/rentaknife.com\/de\/kontakt\/\" target=\"_new\" rel=\"noopener\" data-start=\"3167\" data-end=\"3214\">Kontaktseite<\/a>.<\/p>\n","protected":false},"excerpt":{"rendered":"<div class=\"flex-shrink-0 flex flex-col relative items-end\">\n<div class=\"pt-0\">\n<div class=\"gizmo-bot-avatar flex h-8 w-8 items-center justify-center overflow-hidden rounded-full\">\n<div class=\"relative p-1 rounded-sm flex items-center justify-center bg-token-main-surface-primary text-token-text-primary h-8 w-8\">\n<h3><strong>Wie funktioniert es?<\/strong><\/h3>\n<p>Mit <strong>Rentaknife\u00ae<\/strong> abonnieren Sie <strong>professionelle japanische Messer<\/strong>, einschlie\u00dflich des <strong>TOOLFLEX Aufbewahrungssystems<\/strong>. Sie erhalten <strong>regelm\u00e4\u00dfig scharfe, neue Messer<\/strong>, ohne sie selbst sch\u00e4rfen zu m\u00fcssen. <\/p>\n<p>\ud83d\udd04 <strong>Messertausch<\/strong>: Tauschen Sie einfach Ihre alten Messer gegen ein <strong>neues Set<\/strong> aus und schicken Sie die gebrauchten zum Sch\u00e4rfen zur\u00fcck.<\/p>\n<p>\ud83d\udd27 <strong>Sch\u00e4rfdienst<\/strong>: Unser <strong>fachm\u00e4nnischer Sch\u00e4rfdienst<\/strong> sorgt daf\u00fcr, dass Ihre Messer <strong>immer in Topform bleiben<\/strong>.<\/p>\n<h3><strong>Warum Rentaknife\u00ae?<\/strong><\/h3>\n<p>\u2714 <strong>Seit 1927<\/strong> steht Rentaknife\u00ae f\u00fcr <strong>Tradition und Qualit\u00e4t<\/strong>.<br \/>\n\u2714 W\u00e4hlen Sie <strong>, wie oft<\/strong> Sie Ihre Messer austauschen m\u00f6chten<strong>(1, 2 oder 3 Mal pro Jahr<\/strong>).<br \/>\n\u2714 W\u00e4hlen Sie die <strong>Dauer<\/strong> Ihres <strong>Abonnements<\/strong><strong>(1, 2 oder 3 Jahre<\/strong>).<\/p>\n<h3><strong>Individuelles Abonnement<\/strong><\/h3>\n<p>\ud83d\udcdc <strong>Passen Sie Ihr Abonnement<\/strong> \u00fcber unser <strong>&#8222;Rentaknife\u00ae Men\u00fc&#8220;<\/strong> <strong>an<\/strong>.<br \/>\n\ud83d\udda5 A <strong>bonnieren Sie ganz einfach online<\/strong> oder bei einem unserer Berater.<\/p>\n<p>Genie\u00dfen Sie <strong>perfekt gesch\u00e4rfte Messer<\/strong> und ein <strong>gut organisiertes K\u00fcchensystem &#8211; ganz ohne<\/strong>\u00c4rger! \ud83d\ude80\ud83d\udd2a <\/p>\n<\/div>\n<\/div>\n<\/div>\n<\/div>\n","protected":false},"featured_media":1347,"comment_status":"open","ping_status":"closed","template":"","meta":[],"product_brand":[],"product_cat":[53],"product_tag":[],"class_list":{"0":"post-1809","1":"product","2":"type-product","3":"status-publish","4":"has-post-thumbnail","6":"product_cat-messenset-de","8":"first","9":"instock","10":"taxable","11":"shipping-taxable","12":"purchasable","13":"product-type-variable-subscription"},"yoast_head":"<!-- This site is optimized with the Yoast SEO plugin v27.3 - https:\/\/yoast.com\/product\/yoast-seo-wordpress\/ -->\n<title>Abonnieren - rentaknife.com<\/title>\n<meta name=\"robots\" content=\"index, follow, max-snippet:-1, max-image-preview:large, max-video-preview:-1\" \/>\n<link rel=\"canonical\" href=\"https:\/\/rentaknife.com\/de\/product\/abonnieren-sie-professionelle-japanische-kochmesser-fuer-sorgenfreies-schneiden-zu-einem-festen-monatlichen-preis\/\" \/>\n<meta property=\"og:locale\" content=\"de_DE\" \/>\n<meta property=\"og:type\" content=\"article\" \/>\n<meta property=\"og:title\" content=\"Abonnieren - rentaknife.com\" \/>\n<meta property=\"og:description\" content=\"Wie funktioniert es? Mit Rentaknife\u00ae abonnieren Sie professionelle japanische Messer, einschlie\u00dflich des TOOLFLEX Aufbewahrungssystems. Sie erhalten regelm\u00e4\u00dfig scharfe, neue Messer, ohne sie selbst sch\u00e4rfen zu m\u00fcssen.  \ud83d\udd04 Messertausch: Tauschen Sie einfach Ihre alten Messer gegen ein neues Set aus und schicken Sie die gebrauchten zum Sch\u00e4rfen zur\u00fcck. \ud83d\udd27 Sch\u00e4rfdienst: Unser fachm\u00e4nnischer Sch\u00e4rfdienst sorgt daf\u00fcr, dass Ihre Messer immer in Topform bleiben. Warum Rentaknife\u00ae? \u2714 Seit 1927 steht Rentaknife\u00ae f\u00fcr Tradition und Qualit\u00e4t. \u2714 W\u00e4hlen Sie , wie oft Sie Ihre Messer austauschen m\u00f6chten(1, 2 oder 3 Mal pro Jahr). \u2714 W\u00e4hlen Sie die Dauer Ihres Abonnements(1, 2 oder 3 Jahre). Individuelles Abonnement \ud83d\udcdc Passen Sie Ihr Abonnement \u00fcber unser &quot;Rentaknife\u00ae Men\u00fc&quot; an. \ud83d\udda5 A bonnieren Sie ganz einfach online oder bei einem unserer Berater. Genie\u00dfen Sie perfekt gesch\u00e4rfte Messer und ein gut organisiertes K\u00fcchensystem - ganz ohne\u00c4rger! \ud83d\ude80\ud83d\udd2a\" \/>\n<meta property=\"og:url\" content=\"https:\/\/rentaknife.com\/de\/product\/abonnieren-sie-professionelle-japanische-kochmesser-fuer-sorgenfreies-schneiden-zu-einem-festen-monatlichen-preis\/\" \/>\n<meta property=\"og:site_name\" content=\"rentaknife.com\" \/>\n<meta property=\"article:modified_time\" content=\"2025-09-16T12:25:28+00:00\" \/>\n<meta property=\"og:image\" content=\"https:\/\/rentaknife.com\/wp-content\/uploads\/2024\/12\/Rentaknife\u00ae-\u2013-huur-professionele-Japanse-koksmessen-voor-zorgeloos-snijden-tegen-een-vast-bedrag-per-maand-1024x524.png\" \/>\n\t<meta property=\"og:image:width\" content=\"1024\" \/>\n\t<meta property=\"og:image:height\" content=\"524\" \/>\n\t<meta property=\"og:image:type\" content=\"image\/png\" \/>\n<meta name=\"twitter:card\" content=\"summary_large_image\" \/>\n<meta name=\"twitter:label1\" content=\"Gesch\u00e4tzte Lesezeit\" \/>\n\t<meta name=\"twitter:data1\" content=\"2\u00a0Minuten\" \/>\n<script type=\"application\/ld+json\" class=\"yoast-schema-graph\">{\"@context\":\"https:\\\/\\\/schema.org\",\"@graph\":[{\"@type\":\"WebPage\",\"@id\":\"https:\\\/\\\/rentaknife.com\\\/de\\\/product\\\/abonnieren-sie-professionelle-japanische-kochmesser-fuer-sorgenfreies-schneiden-zu-einem-festen-monatlichen-preis\\\/\",\"url\":\"https:\\\/\\\/rentaknife.com\\\/de\\\/product\\\/abonnieren-sie-professionelle-japanische-kochmesser-fuer-sorgenfreies-schneiden-zu-einem-festen-monatlichen-preis\\\/\",\"name\":\"Abonnieren - rentaknife.com\",\"isPartOf\":{\"@id\":\"https:\\\/\\\/rentaknife.com\\\/de\\\/#website\"},\"primaryImageOfPage\":{\"@id\":\"https:\\\/\\\/rentaknife.com\\\/de\\\/product\\\/abonnieren-sie-professionelle-japanische-kochmesser-fuer-sorgenfreies-schneiden-zu-einem-festen-monatlichen-preis\\\/#primaryimage\"},\"image\":{\"@id\":\"https:\\\/\\\/rentaknife.com\\\/de\\\/product\\\/abonnieren-sie-professionelle-japanische-kochmesser-fuer-sorgenfreies-schneiden-zu-einem-festen-monatlichen-preis\\\/#primaryimage\"},\"thumbnailUrl\":\"https:\\\/\\\/rentaknife.com\\\/wp-content\\\/uploads\\\/2024\\\/12\\\/Rentaknife\u00ae-\u2013-huur-professionele-Japanse-koksmessen-voor-zorgeloos-snijden-tegen-een-vast-bedrag-per-maand.png\",\"datePublished\":\"2024-12-07T13:40:57+00:00\",\"dateModified\":\"2025-09-16T12:25:28+00:00\",\"breadcrumb\":{\"@id\":\"https:\\\/\\\/rentaknife.com\\\/de\\\/product\\\/abonnieren-sie-professionelle-japanische-kochmesser-fuer-sorgenfreies-schneiden-zu-einem-festen-monatlichen-preis\\\/#breadcrumb\"},\"inLanguage\":\"de\",\"potentialAction\":[{\"@type\":\"ReadAction\",\"target\":[\"https:\\\/\\\/rentaknife.com\\\/de\\\/product\\\/abonnieren-sie-professionelle-japanische-kochmesser-fuer-sorgenfreies-schneiden-zu-einem-festen-monatlichen-preis\\\/\"]}]},{\"@type\":\"ImageObject\",\"inLanguage\":\"de\",\"@id\":\"https:\\\/\\\/rentaknife.com\\\/de\\\/product\\\/abonnieren-sie-professionelle-japanische-kochmesser-fuer-sorgenfreies-schneiden-zu-einem-festen-monatlichen-preis\\\/#primaryimage\",\"url\":\"https:\\\/\\\/rentaknife.com\\\/wp-content\\\/uploads\\\/2024\\\/12\\\/Rentaknife\u00ae-\u2013-huur-professionele-Japanse-koksmessen-voor-zorgeloos-snijden-tegen-een-vast-bedrag-per-maand.png\",\"contentUrl\":\"https:\\\/\\\/rentaknife.com\\\/wp-content\\\/uploads\\\/2024\\\/12\\\/Rentaknife\u00ae-\u2013-huur-professionele-Japanse-koksmessen-voor-zorgeloos-snijden-tegen-een-vast-bedrag-per-maand.png\",\"width\":3691,\"height\":1888},{\"@type\":\"BreadcrumbList\",\"@id\":\"https:\\\/\\\/rentaknife.com\\\/de\\\/product\\\/abonnieren-sie-professionelle-japanische-kochmesser-fuer-sorgenfreies-schneiden-zu-einem-festen-monatlichen-preis\\\/#breadcrumb\",\"itemListElement\":[{\"@type\":\"ListItem\",\"position\":1,\"name\":\"Home\",\"item\":\"https:\\\/\\\/rentaknife.com\\\/de\\\/\"},{\"@type\":\"ListItem\",\"position\":2,\"name\":\"Produkte\",\"item\":\"https:\\\/\\\/rentaknife.com\\\/de\\\/shop\\\/\"},{\"@type\":\"ListItem\",\"position\":3,\"name\":\"Abonnieren\"}]},{\"@type\":\"WebSite\",\"@id\":\"https:\\\/\\\/rentaknife.com\\\/de\\\/#website\",\"url\":\"https:\\\/\\\/rentaknife.com\\\/de\\\/\",\"name\":\"rentaknife.com\",\"description\":\"Professional Japanese chef&#039;s knives on a subscription basis\",\"publisher\":{\"@id\":\"https:\\\/\\\/rentaknife.com\\\/de\\\/#organization\"},\"potentialAction\":[{\"@type\":\"SearchAction\",\"target\":{\"@type\":\"EntryPoint\",\"urlTemplate\":\"https:\\\/\\\/rentaknife.com\\\/de\\\/?s={search_term_string}\"},\"query-input\":{\"@type\":\"PropertyValueSpecification\",\"valueRequired\":true,\"valueName\":\"search_term_string\"}}],\"inLanguage\":\"de\"},{\"@type\":\"Organization\",\"@id\":\"https:\\\/\\\/rentaknife.com\\\/de\\\/#organization\",\"name\":\"rentaknife.com\",\"url\":\"https:\\\/\\\/rentaknife.com\\\/de\\\/\",\"logo\":{\"@type\":\"ImageObject\",\"inLanguage\":\"de\",\"@id\":\"https:\\\/\\\/rentaknife.com\\\/de\\\/#\\\/schema\\\/logo\\\/image\\\/\",\"url\":\"https:\\\/\\\/rentaknife.com\\\/wp-content\\\/uploads\\\/2024\\\/12\\\/cropped-Logo-rentaknife-4-met-r.png\",\"contentUrl\":\"https:\\\/\\\/rentaknife.com\\\/wp-content\\\/uploads\\\/2024\\\/12\\\/cropped-Logo-rentaknife-4-met-r.png\",\"width\":3321,\"height\":657,\"caption\":\"rentaknife.com\"},\"image\":{\"@id\":\"https:\\\/\\\/rentaknife.com\\\/de\\\/#\\\/schema\\\/logo\\\/image\\\/\"}}]}<\/script>\n<!-- \/ Yoast SEO plugin. -->","yoast_head_json":{"title":"Abonnieren - rentaknife.com","robots":{"index":"index","follow":"follow","max-snippet":"max-snippet:-1","max-image-preview":"max-image-preview:large","max-video-preview":"max-video-preview:-1"},"canonical":"https:\/\/rentaknife.com\/de\/product\/abonnieren-sie-professionelle-japanische-kochmesser-fuer-sorgenfreies-schneiden-zu-einem-festen-monatlichen-preis\/","og_locale":"de_DE","og_type":"article","og_title":"Abonnieren - rentaknife.com","og_description":"Wie funktioniert es? Mit Rentaknife\u00ae abonnieren Sie professionelle japanische Messer, einschlie\u00dflich des TOOLFLEX Aufbewahrungssystems. Sie erhalten regelm\u00e4\u00dfig scharfe, neue Messer, ohne sie selbst sch\u00e4rfen zu m\u00fcssen.  \ud83d\udd04 Messertausch: Tauschen Sie einfach Ihre alten Messer gegen ein neues Set aus und schicken Sie die gebrauchten zum Sch\u00e4rfen zur\u00fcck. \ud83d\udd27 Sch\u00e4rfdienst: Unser fachm\u00e4nnischer Sch\u00e4rfdienst sorgt daf\u00fcr, dass Ihre Messer immer in Topform bleiben. Warum Rentaknife\u00ae? \u2714 Seit 1927 steht Rentaknife\u00ae f\u00fcr Tradition und Qualit\u00e4t. \u2714 W\u00e4hlen Sie , wie oft Sie Ihre Messer austauschen m\u00f6chten(1, 2 oder 3 Mal pro Jahr). \u2714 W\u00e4hlen Sie die Dauer Ihres Abonnements(1, 2 oder 3 Jahre). Individuelles Abonnement \ud83d\udcdc Passen Sie Ihr Abonnement \u00fcber unser \"Rentaknife\u00ae Men\u00fc\" an. \ud83d\udda5 A bonnieren Sie ganz einfach online oder bei einem unserer Berater. Genie\u00dfen Sie perfekt gesch\u00e4rfte Messer und ein gut organisiertes K\u00fcchensystem - ganz ohne\u00c4rger! \ud83d\ude80\ud83d\udd2a","og_url":"https:\/\/rentaknife.com\/de\/product\/abonnieren-sie-professionelle-japanische-kochmesser-fuer-sorgenfreies-schneiden-zu-einem-festen-monatlichen-preis\/","og_site_name":"rentaknife.com","article_modified_time":"2025-09-16T12:25:28+00:00","og_image":[{"width":1024,"height":524,"url":"https:\/\/rentaknife.com\/wp-content\/uploads\/2024\/12\/Rentaknife\u00ae-\u2013-huur-professionele-Japanse-koksmessen-voor-zorgeloos-snijden-tegen-een-vast-bedrag-per-maand-1024x524.png","type":"image\/png"}],"twitter_card":"summary_large_image","twitter_misc":{"Gesch\u00e4tzte Lesezeit":"2\u00a0Minuten"},"schema":{"@context":"https:\/\/schema.org","@graph":[{"@type":"WebPage","@id":"https:\/\/rentaknife.com\/de\/product\/abonnieren-sie-professionelle-japanische-kochmesser-fuer-sorgenfreies-schneiden-zu-einem-festen-monatlichen-preis\/","url":"https:\/\/rentaknife.com\/de\/product\/abonnieren-sie-professionelle-japanische-kochmesser-fuer-sorgenfreies-schneiden-zu-einem-festen-monatlichen-preis\/","name":"Abonnieren - rentaknife.com","isPartOf":{"@id":"https:\/\/rentaknife.com\/de\/#website"},"primaryImageOfPage":{"@id":"https:\/\/rentaknife.com\/de\/product\/abonnieren-sie-professionelle-japanische-kochmesser-fuer-sorgenfreies-schneiden-zu-einem-festen-monatlichen-preis\/#primaryimage"},"image":{"@id":"https:\/\/rentaknife.com\/de\/product\/abonnieren-sie-professionelle-japanische-kochmesser-fuer-sorgenfreies-schneiden-zu-einem-festen-monatlichen-preis\/#primaryimage"},"thumbnailUrl":"https:\/\/rentaknife.com\/wp-content\/uploads\/2024\/12\/Rentaknife\u00ae-\u2013-huur-professionele-Japanse-koksmessen-voor-zorgeloos-snijden-tegen-een-vast-bedrag-per-maand.png","datePublished":"2024-12-07T13:40:57+00:00","dateModified":"2025-09-16T12:25:28+00:00","breadcrumb":{"@id":"https:\/\/rentaknife.com\/de\/product\/abonnieren-sie-professionelle-japanische-kochmesser-fuer-sorgenfreies-schneiden-zu-einem-festen-monatlichen-preis\/#breadcrumb"},"inLanguage":"de","potentialAction":[{"@type":"ReadAction","target":["https:\/\/rentaknife.com\/de\/product\/abonnieren-sie-professionelle-japanische-kochmesser-fuer-sorgenfreies-schneiden-zu-einem-festen-monatlichen-preis\/"]}]},{"@type":"ImageObject","inLanguage":"de","@id":"https:\/\/rentaknife.com\/de\/product\/abonnieren-sie-professionelle-japanische-kochmesser-fuer-sorgenfreies-schneiden-zu-einem-festen-monatlichen-preis\/#primaryimage","url":"https:\/\/rentaknife.com\/wp-content\/uploads\/2024\/12\/Rentaknife\u00ae-\u2013-huur-professionele-Japanse-koksmessen-voor-zorgeloos-snijden-tegen-een-vast-bedrag-per-maand.png","contentUrl":"https:\/\/rentaknife.com\/wp-content\/uploads\/2024\/12\/Rentaknife\u00ae-\u2013-huur-professionele-Japanse-koksmessen-voor-zorgeloos-snijden-tegen-een-vast-bedrag-per-maand.png","width":3691,"height":1888},{"@type":"BreadcrumbList","@id":"https:\/\/rentaknife.com\/de\/product\/abonnieren-sie-professionelle-japanische-kochmesser-fuer-sorgenfreies-schneiden-zu-einem-festen-monatlichen-preis\/#breadcrumb","itemListElement":[{"@type":"ListItem","position":1,"name":"Home","item":"https:\/\/rentaknife.com\/de\/"},{"@type":"ListItem","position":2,"name":"Produkte","item":"https:\/\/rentaknife.com\/de\/shop\/"},{"@type":"ListItem","position":3,"name":"Abonnieren"}]},{"@type":"WebSite","@id":"https:\/\/rentaknife.com\/de\/#website","url":"https:\/\/rentaknife.com\/de\/","name":"rentaknife.com","description":"Professional Japanese chef&#039;s knives on a subscription basis","publisher":{"@id":"https:\/\/rentaknife.com\/de\/#organization"},"potentialAction":[{"@type":"SearchAction","target":{"@type":"EntryPoint","urlTemplate":"https:\/\/rentaknife.com\/de\/?s={search_term_string}"},"query-input":{"@type":"PropertyValueSpecification","valueRequired":true,"valueName":"search_term_string"}}],"inLanguage":"de"},{"@type":"Organization","@id":"https:\/\/rentaknife.com\/de\/#organization","name":"rentaknife.com","url":"https:\/\/rentaknife.com\/de\/","logo":{"@type":"ImageObject","inLanguage":"de","@id":"https:\/\/rentaknife.com\/de\/#\/schema\/logo\/image\/","url":"https:\/\/rentaknife.com\/wp-content\/uploads\/2024\/12\/cropped-Logo-rentaknife-4-met-r.png","contentUrl":"https:\/\/rentaknife.com\/wp-content\/uploads\/2024\/12\/cropped-Logo-rentaknife-4-met-r.png","width":3321,"height":657,"caption":"rentaknife.com"},"image":{"@id":"https:\/\/rentaknife.com\/de\/#\/schema\/logo\/image\/"}}]}},"_links":{"self":[{"href":"https:\/\/rentaknife.com\/de\/wp-json\/wp\/v2\/product\/1809","targetHints":{"allow":["GET"]}}],"collection":[{"href":"https:\/\/rentaknife.com\/de\/wp-json\/wp\/v2\/product"}],"about":[{"href":"https:\/\/rentaknife.com\/de\/wp-json\/wp\/v2\/types\/product"}],"replies":[{"embeddable":true,"href":"https:\/\/rentaknife.com\/de\/wp-json\/wp\/v2\/comments?post=1809"}],"wp:featuredmedia":[{"embeddable":true,"href":"https:\/\/rentaknife.com\/de\/wp-json\/wp\/v2\/media\/1347"}],"wp:attachment":[{"href":"https:\/\/rentaknife.com\/de\/wp-json\/wp\/v2\/media?parent=1809"}],"wp:term":[{"taxonomy":"product_brand","embeddable":true,"href":"https:\/\/rentaknife.com\/de\/wp-json\/wp\/v2\/product_brand?post=1809"},{"taxonomy":"product_cat","embeddable":true,"href":"https:\/\/rentaknife.com\/de\/wp-json\/wp\/v2\/product_cat?post=1809"},{"taxonomy":"product_tag","embeddable":true,"href":"https:\/\/rentaknife.com\/de\/wp-json\/wp\/v2\/product_tag?post=1809"}],"curies":[{"name":"wp","href":"https:\/\/api.w.org\/{rel}","templated":true}]}}