{"id":1719,"date":"2024-12-04T12:05:44","date_gmt":"2024-12-04T12:05:44","guid":{"rendered":"https:\/\/rentaknife.com\/schaerfdienst-seit-1927\/"},"modified":"2025-02-27T15:41:21","modified_gmt":"2025-02-27T15:41:21","slug":"schaerfdienst-seit-1927","status":"publish","type":"page","link":"https:\/\/rentaknife.com\/de\/schaerfdienst-seit-1927\/","title":{"rendered":"Sch\u00e4rfdienst seit 1927"},"content":{"rendered":"\t\t<div data-elementor-type=\"wp-page\" data-elementor-id=\"1719\" class=\"elementor elementor-1719 elementor-38\" data-elementor-post-type=\"page\">\n\t\t\t\t<div class=\"elementor-element elementor-element-59babd8 e-flex e-con-boxed e-con e-parent\" data-id=\"59babd8\" data-element_type=\"container\" data-e-type=\"container\">\n\t\t\t\t\t<div class=\"e-con-inner\">\n\t\t\t\t<div class=\"elementor-element elementor-element-1d74263 elementor-widget elementor-widget-spacer\" data-id=\"1d74263\" data-element_type=\"widget\" data-e-type=\"widget\" data-widget_type=\"spacer.default\">\n\t\t\t\t<div class=\"elementor-widget-container\">\n\t\t\t\t\t\t\t<div class=\"elementor-spacer\">\n\t\t\t<div class=\"elementor-spacer-inner\"><\/div>\n\t\t<\/div>\n\t\t\t\t\t\t<\/div>\n\t\t\t\t<\/div>\n\t\t\t\t\t<\/div>\n\t\t\t\t<\/div>\n\t\t<div class=\"elementor-element elementor-element-6e7aa87 e-flex e-con-boxed e-con e-parent\" data-id=\"6e7aa87\" data-element_type=\"container\" data-e-type=\"container\">\n\t\t\t\t\t<div class=\"e-con-inner\">\n\t\t\t\t<div class=\"elementor-element elementor-element-7fa0933 elementor-widget elementor-widget-text-editor\" data-id=\"7fa0933\" data-element_type=\"widget\" data-e-type=\"widget\" data-widget_type=\"text-editor.default\">\n\t\t\t\t<div class=\"elementor-widget-container\">\n\t\t\t\t\t\t\t\t\t<h3> <\/h3><h1><span style=\"color: #ff0000;\">Sch\u00e4rfkompetenz seit 1927<\/span><\/h1><p><span style=\"color: #000000;\">Bei Rentaknife stehen scharfe, qualitativ hochwertige Messer im Mittelpunkt unseres Handelns &#8211; aufbauend auf dem Know-how von Fausto Damast\u2122, einem renommierten Sch\u00e4rfdienst, der seit 1927 f\u00fcr Handwerkskunst und Qualit\u00e4t bekannt ist.<\/span><\/p><p><span style=\"color: #000000;\">Die Geschichte von Fausto Damast\u2122 begann im Herzen von Alkmaar in den Niederlanden, als Walter Faust ein Gesch\u00e4ft f\u00fcr feine Stahlwaren und eine Sch\u00e4rfwerkstatt gr\u00fcndete. Was als lokaler Service begann, wurde schnell zu einem vertrauensw\u00fcrdigen Namen f\u00fcr professionelles Messersch\u00e4rfen. Heute, fast ein Jahrhundert sp\u00e4ter, f\u00fchrt die vierte Generation diese Tradition fort und bedient Kunden in den ganzen Niederlanden.  <\/span><\/p><hr><h3><span style=\"color: #000000;\"><strong>Vom Sch\u00e4rfen zur Innovation<\/strong><\/span><\/h3><p><span style=\"color: #000000;\">Mit fast 100 Jahren Erfahrung bleibt Fausto Damast\u2122 an der Spitze der Branche. Im Jahr 2021 wurde mit der Einf\u00fchrung von Rentaknife, einem erstklassigen japanischen Messerverleihservice, ein neuer Meilenstein erreicht. Dieser Service wurde aus einem einfachen Ziel heraus geboren: den Kunden jederzeit rasiermesserscharfe Messer zur Verf\u00fcgung zu stellen, auch w\u00e4hrend ihre eigenen Messer gesch\u00e4rft werden. Mit Rentaknife erhalten Sie kompromisslose Qualit\u00e4t, die immer einsatzbereit ist.   <\/span><\/p><hr><h3><span style=\"color: #000000;\"><strong>Die Qualit\u00e4t von Fausto Damast\u2122<\/strong><\/span><\/h3><p><span style=\"color: #000000;\">Bei Rentaknife verlassen wir uns auf das Fachwissen von Fausto Damast\u2122. Jedes Messer wird mit der Pr\u00e4zision und Sorgfalt gesch\u00e4rft, die dieses Familienunternehmen seit Generationen auszeichnet. Die Messer, die wir vermieten, werden mit der gleichen Hingabe f\u00fcr Qualit\u00e4t ausgew\u00e4hlt, f\u00fcr die Fausto Damast\u2122 bekannt ist.  <\/span><\/p><p><span style=\"color: #000000;\">Unsere japanischen Messer kommen aus Aichi, Japan, und werden aus 67-lagigem AUS-10 Stahl gefertigt. Mit einer Rockwell-H\u00e4rte von \u00fcber 60 bieten sie: <\/span><\/p><ul><li><span style=\"color: #000000;\"><strong>Au\u00dfergew\u00f6hnliche Sch\u00e4rfe<\/strong>, ideal f\u00fcr pr\u00e4zise Schneidetechniken.<\/span><\/li><li><span style=\"color: #000000;\"><strong>\u00dcberlegene Haltbarkeit<\/strong>, gebaut f\u00fcr intensive Nutzung.<\/span><\/li><li><span style=\"color: #000000;\"><strong>Komfort und Zuverl\u00e4ssigkeit<\/strong>, perfekt f\u00fcr Profik\u00fcchen.<\/span><\/li><\/ul><hr><h3><span style=\"color: #000000;\"><strong>Warum wir mit Fausto Damast\u2122 zusammenarbeiten<\/strong><\/span><\/h3><p><span style=\"color: #000000;\">Unsere Zusammenarbeit mit Fausto Damast\u2122 bietet Rentaknife einzigartige Vorteile:<\/span><\/p><ul><li><span style=\"color: #000000;\"><strong>Fast 100 Jahre Erfahrung mit Messern und Sch\u00e4rfen.<\/strong><\/span><\/li><li><span style=\"color: #000000;\"><strong>Traditionelle Handwerkskunst kombiniert mit moderner Technologie.<\/strong><\/span><\/li><li><span style=\"color: #000000;\"><strong>Unerreichte Zuverl\u00e4ssigkeit f\u00fcr Profik\u00f6che und Hobbyk\u00f6che.<\/strong><\/span><\/li><\/ul><p><span style=\"color: #000000;\">Dank dieses Know-hows stellt Rentaknife sicher, dass jedes Messer, das wir liefern, den h\u00f6chsten Standards entspricht.<\/span><\/p><hr><h3><span style=\"color: #000000;\"><strong>Eine reiche Geschichte, eine vielversprechende Zukunft<\/strong><\/span><\/h3><p><span style=\"color: #000000;\">Fausto Damast\u2122 hat nicht nur ein langj\u00e4hriges Erbe, sondern dient auch als Grundlage f\u00fcr moderne Innovationen wie Rentaknife. Gemeinsam liefern wir weiterhin au\u00dfergew\u00f6hnlichen Service f\u00fcr alle, die scharfe, hochwertige Messer sch\u00e4tzen. <\/span><\/p><p><span style=\"color: #000000;\">Mit Rentaknife erhalten Sie nicht nur hochwertige japanische Messer, sondern auch die Gewissheit, dass Sie sich auf die Handwerkskunst seit 1927 verlassen k\u00f6nnen.<\/span><\/p><hr><h3><span style=\"color: #000000;\"><strong>Immer scharf, immer bereit<\/strong><\/span><\/h3><p><span style=\"color: #000000;\">Bei Rentaknife verbinden wir Tradition und Innovation, um Ihnen das beste Messererlebnis zu bieten. Ganz gleich, ob Sie einen vor\u00fcbergehenden Ersatz ben\u00f6tigen oder die feinsten japanischen Klingen genie\u00dfen m\u00f6chten, Sie k\u00f6nnen sich auf die Expertise von Fausto Damast\u2122 verlassen. <\/span><\/p><p><span style=\"color: #000000;\"><strong>M\u00f6chten Sie mehr erfahren?<\/strong><\/span><br><span style=\"color: #000000;\">\ud83d\udccd Standort: Alkmaar, Niederlande<\/span><br><span style=\"color: #000000;\">\ud83d\udcde Telefon: Wird noch aktualisiert<\/span><br><span style=\"color: #000000;\">\ud83d\udce7 E-Mail: Noch zu aktualisieren<\/span><\/p><p><span style=\"color: #000000;\"><strong>W\u00e4hlen Sie Qualit\u00e4t. W\u00e4hlen Sie Rentaknife. <\/strong><\/span><\/p>\t\t\t\t\t\t\t\t<\/div>\n\t\t\t\t<\/div>\n\t\t\t\t\t<\/div>\n\t\t\t\t<\/div>\n\t\t<div class=\"elementor-element elementor-element-35d3397 e-flex e-con-boxed e-con e-parent\" data-id=\"35d3397\" data-element_type=\"container\" data-e-type=\"container\">\n\t\t\t\t\t<div class=\"e-con-inner\">\n\t\t\t\t<div class=\"elementor-element elementor-element-aca0f8a elementor-widget elementor-widget-image\" data-id=\"aca0f8a\" data-element_type=\"widget\" data-e-type=\"widget\" data-widget_type=\"image.default\">\n\t\t\t\t<div class=\"elementor-widget-container\">\n\t\t\t\t\t\t\t\t\t\t\t\t\t\t\t<img fetchpriority=\"high\" decoding=\"async\" width=\"800\" height=\"256\" src=\"https:\/\/rentaknife.com\/wp-content\/uploads\/2024\/12\/Faust-1927-stamboom.jpg\" class=\"attachment-large size-large wp-image-1497\" alt=\"\" srcset=\"https:\/\/rentaknife.com\/wp-content\/uploads\/2024\/12\/Faust-1927-stamboom.jpg 1200w, https:\/\/rentaknife.com\/wp-content\/uploads\/2024\/12\/Faust-1927-stamboom-768x246.jpg 768w, https:\/\/rentaknife.com\/wp-content\/uploads\/2024\/12\/Faust-1927-stamboom-600x192.jpg 600w\" sizes=\"(max-width: 800px) 100vw, 800px\" \/>\t\t\t\t\t\t\t\t\t\t\t\t\t\t\t<\/div>\n\t\t\t\t<\/div>\n\t\t\t\t\t<\/div>\n\t\t\t\t<\/div>\n\t\t<div class=\"elementor-element elementor-element-05970fe e-flex e-con-boxed e-con e-parent\" data-id=\"05970fe\" data-element_type=\"container\" data-e-type=\"container\">\n\t\t\t\t\t<div class=\"e-con-inner\">\n\t\t\t\t<div class=\"elementor-element elementor-element-411207c elementor-widget elementor-widget-spacer\" data-id=\"411207c\" data-element_type=\"widget\" data-e-type=\"widget\" data-widget_type=\"spacer.default\">\n\t\t\t\t<div class=\"elementor-widget-container\">\n\t\t\t\t\t\t\t<div class=\"elementor-spacer\">\n\t\t\t<div class=\"elementor-spacer-inner\"><\/div>\n\t\t<\/div>\n\t\t\t\t\t\t<\/div>\n\t\t\t\t<\/div>\n\t\t\t\t\t<\/div>\n\t\t\t\t<\/div>\n\t\t\t\t<\/div>\n\t\t","protected":false},"excerpt":{"rendered":"<p>Sch\u00e4rfkompetenz seit 1927 Bei Rentaknife stehen scharfe, qualitativ hochwertige Messer im Mittelpunkt unseres Handelns &#8211; aufbauend auf dem Know-how von Fausto Damast\u2122, einem renommierten Sch\u00e4rfdienst, der seit 1927 f\u00fcr Handwerkskunst und Qualit\u00e4t bekannt ist. Die Geschichte von Fausto Damast\u2122 begann im Herzen von Alkmaar in den Niederlanden, als Walter Faust ein Gesch\u00e4ft f\u00fcr feine Stahlwaren [&hellip;]<\/p>\n","protected":false},"author":1,"featured_media":0,"parent":0,"menu_order":0,"comment_status":"closed","ping_status":"closed","template":"","meta":{"footnotes":""},"class_list":["post-1719","page","type-page","status-publish","hentry"],"yoast_head":"<!-- This site is optimized with the Yoast SEO plugin v27.3 - https:\/\/yoast.com\/product\/yoast-seo-wordpress\/ -->\n<title>Sch\u00e4rfdienst seit 1927 - rentaknife.com<\/title>\n<meta name=\"robots\" content=\"index, follow, max-snippet:-1, max-image-preview:large, max-video-preview:-1\" \/>\n<link rel=\"canonical\" href=\"https:\/\/rentaknife.com\/de\/schaerfdienst-seit-1927\/\" \/>\n<meta property=\"og:locale\" content=\"de_DE\" \/>\n<meta property=\"og:type\" content=\"article\" \/>\n<meta property=\"og:title\" content=\"Sch\u00e4rfdienst seit 1927 - rentaknife.com\" \/>\n<meta property=\"og:description\" content=\"Sch\u00e4rfkompetenz seit 1927 Bei Rentaknife stehen scharfe, qualitativ hochwertige Messer im Mittelpunkt unseres Handelns &#8211; aufbauend auf dem Know-how von Fausto Damast\u2122, einem renommierten Sch\u00e4rfdienst, der seit 1927 f\u00fcr Handwerkskunst und Qualit\u00e4t bekannt ist. Die Geschichte von Fausto Damast\u2122 begann im Herzen von Alkmaar in den Niederlanden, als Walter Faust ein Gesch\u00e4ft f\u00fcr feine Stahlwaren [&hellip;]\" \/>\n<meta property=\"og:url\" content=\"https:\/\/rentaknife.com\/de\/schaerfdienst-seit-1927\/\" \/>\n<meta property=\"og:site_name\" content=\"rentaknife.com\" \/>\n<meta property=\"article:modified_time\" content=\"2025-02-27T15:41:21+00:00\" \/>\n<meta property=\"og:image\" content=\"https:\/\/rentaknife.com\/wp-content\/uploads\/2024\/12\/Faust-1927-stamboom.jpg\" \/>\n\t<meta property=\"og:image:width\" content=\"1200\" \/>\n\t<meta property=\"og:image:height\" content=\"384\" \/>\n\t<meta property=\"og:image:type\" content=\"image\/jpeg\" \/>\n<meta name=\"twitter:card\" content=\"summary_large_image\" \/>\n<meta name=\"twitter:label1\" content=\"Gesch\u00e4tzte Lesezeit\" \/>\n\t<meta name=\"twitter:data1\" content=\"2\u00a0Minuten\" \/>\n<script type=\"application\/ld+json\" class=\"yoast-schema-graph\">{\"@context\":\"https:\\\/\\\/schema.org\",\"@graph\":[{\"@type\":\"WebPage\",\"@id\":\"https:\\\/\\\/rentaknife.com\\\/de\\\/schaerfdienst-seit-1927\\\/\",\"url\":\"https:\\\/\\\/rentaknife.com\\\/de\\\/schaerfdienst-seit-1927\\\/\",\"name\":\"Sch\u00e4rfdienst seit 1927 - rentaknife.com\",\"isPartOf\":{\"@id\":\"https:\\\/\\\/rentaknife.com\\\/de\\\/#website\"},\"primaryImageOfPage\":{\"@id\":\"https:\\\/\\\/rentaknife.com\\\/de\\\/schaerfdienst-seit-1927\\\/#primaryimage\"},\"image\":{\"@id\":\"https:\\\/\\\/rentaknife.com\\\/de\\\/schaerfdienst-seit-1927\\\/#primaryimage\"},\"thumbnailUrl\":\"https:\\\/\\\/rentaknife.com\\\/wp-content\\\/uploads\\\/2024\\\/12\\\/Faust-1927-stamboom.jpg\",\"datePublished\":\"2024-12-04T12:05:44+00:00\",\"dateModified\":\"2025-02-27T15:41:21+00:00\",\"breadcrumb\":{\"@id\":\"https:\\\/\\\/rentaknife.com\\\/de\\\/schaerfdienst-seit-1927\\\/#breadcrumb\"},\"inLanguage\":\"de\",\"potentialAction\":[{\"@type\":\"ReadAction\",\"target\":[\"https:\\\/\\\/rentaknife.com\\\/de\\\/schaerfdienst-seit-1927\\\/\"]}]},{\"@type\":\"ImageObject\",\"inLanguage\":\"de\",\"@id\":\"https:\\\/\\\/rentaknife.com\\\/de\\\/schaerfdienst-seit-1927\\\/#primaryimage\",\"url\":\"https:\\\/\\\/rentaknife.com\\\/wp-content\\\/uploads\\\/2024\\\/12\\\/Faust-1927-stamboom.jpg\",\"contentUrl\":\"https:\\\/\\\/rentaknife.com\\\/wp-content\\\/uploads\\\/2024\\\/12\\\/Faust-1927-stamboom.jpg\"},{\"@type\":\"BreadcrumbList\",\"@id\":\"https:\\\/\\\/rentaknife.com\\\/de\\\/schaerfdienst-seit-1927\\\/#breadcrumb\",\"itemListElement\":[{\"@type\":\"ListItem\",\"position\":1,\"name\":\"Home\",\"item\":\"https:\\\/\\\/rentaknife.com\\\/de\\\/\"},{\"@type\":\"ListItem\",\"position\":2,\"name\":\"Sch\u00e4rfdienst seit 1927\"}]},{\"@type\":\"WebSite\",\"@id\":\"https:\\\/\\\/rentaknife.com\\\/de\\\/#website\",\"url\":\"https:\\\/\\\/rentaknife.com\\\/de\\\/\",\"name\":\"rentaknife.com\",\"description\":\"Professional Japanese chef&#039;s knives on a subscription basis\",\"publisher\":{\"@id\":\"https:\\\/\\\/rentaknife.com\\\/de\\\/#organization\"},\"potentialAction\":[{\"@type\":\"SearchAction\",\"target\":{\"@type\":\"EntryPoint\",\"urlTemplate\":\"https:\\\/\\\/rentaknife.com\\\/de\\\/?s={search_term_string}\"},\"query-input\":{\"@type\":\"PropertyValueSpecification\",\"valueRequired\":true,\"valueName\":\"search_term_string\"}}],\"inLanguage\":\"de\"},{\"@type\":\"Organization\",\"@id\":\"https:\\\/\\\/rentaknife.com\\\/de\\\/#organization\",\"name\":\"rentaknife.com\",\"url\":\"https:\\\/\\\/rentaknife.com\\\/de\\\/\",\"logo\":{\"@type\":\"ImageObject\",\"inLanguage\":\"de\",\"@id\":\"https:\\\/\\\/rentaknife.com\\\/de\\\/#\\\/schema\\\/logo\\\/image\\\/\",\"url\":\"https:\\\/\\\/rentaknife.com\\\/wp-content\\\/uploads\\\/2024\\\/12\\\/cropped-Logo-rentaknife-4-met-r.png\",\"contentUrl\":\"https:\\\/\\\/rentaknife.com\\\/wp-content\\\/uploads\\\/2024\\\/12\\\/cropped-Logo-rentaknife-4-met-r.png\",\"width\":3321,\"height\":657,\"caption\":\"rentaknife.com\"},\"image\":{\"@id\":\"https:\\\/\\\/rentaknife.com\\\/de\\\/#\\\/schema\\\/logo\\\/image\\\/\"}}]}<\/script>\n<!-- \/ Yoast SEO plugin. -->","yoast_head_json":{"title":"Sch\u00e4rfdienst seit 1927 - rentaknife.com","robots":{"index":"index","follow":"follow","max-snippet":"max-snippet:-1","max-image-preview":"max-image-preview:large","max-video-preview":"max-video-preview:-1"},"canonical":"https:\/\/rentaknife.com\/de\/schaerfdienst-seit-1927\/","og_locale":"de_DE","og_type":"article","og_title":"Sch\u00e4rfdienst seit 1927 - rentaknife.com","og_description":"Sch\u00e4rfkompetenz seit 1927 Bei Rentaknife stehen scharfe, qualitativ hochwertige Messer im Mittelpunkt unseres Handelns &#8211; aufbauend auf dem Know-how von Fausto Damast\u2122, einem renommierten Sch\u00e4rfdienst, der seit 1927 f\u00fcr Handwerkskunst und Qualit\u00e4t bekannt ist. Die Geschichte von Fausto Damast\u2122 begann im Herzen von Alkmaar in den Niederlanden, als Walter Faust ein Gesch\u00e4ft f\u00fcr feine Stahlwaren [&hellip;]","og_url":"https:\/\/rentaknife.com\/de\/schaerfdienst-seit-1927\/","og_site_name":"rentaknife.com","article_modified_time":"2025-02-27T15:41:21+00:00","og_image":[{"width":1200,"height":384,"url":"https:\/\/rentaknife.com\/wp-content\/uploads\/2024\/12\/Faust-1927-stamboom.jpg","type":"image\/jpeg"}],"twitter_card":"summary_large_image","twitter_misc":{"Gesch\u00e4tzte Lesezeit":"2\u00a0Minuten"},"schema":{"@context":"https:\/\/schema.org","@graph":[{"@type":"WebPage","@id":"https:\/\/rentaknife.com\/de\/schaerfdienst-seit-1927\/","url":"https:\/\/rentaknife.com\/de\/schaerfdienst-seit-1927\/","name":"Sch\u00e4rfdienst seit 1927 - rentaknife.com","isPartOf":{"@id":"https:\/\/rentaknife.com\/de\/#website"},"primaryImageOfPage":{"@id":"https:\/\/rentaknife.com\/de\/schaerfdienst-seit-1927\/#primaryimage"},"image":{"@id":"https:\/\/rentaknife.com\/de\/schaerfdienst-seit-1927\/#primaryimage"},"thumbnailUrl":"https:\/\/rentaknife.com\/wp-content\/uploads\/2024\/12\/Faust-1927-stamboom.jpg","datePublished":"2024-12-04T12:05:44+00:00","dateModified":"2025-02-27T15:41:21+00:00","breadcrumb":{"@id":"https:\/\/rentaknife.com\/de\/schaerfdienst-seit-1927\/#breadcrumb"},"inLanguage":"de","potentialAction":[{"@type":"ReadAction","target":["https:\/\/rentaknife.com\/de\/schaerfdienst-seit-1927\/"]}]},{"@type":"ImageObject","inLanguage":"de","@id":"https:\/\/rentaknife.com\/de\/schaerfdienst-seit-1927\/#primaryimage","url":"https:\/\/rentaknife.com\/wp-content\/uploads\/2024\/12\/Faust-1927-stamboom.jpg","contentUrl":"https:\/\/rentaknife.com\/wp-content\/uploads\/2024\/12\/Faust-1927-stamboom.jpg"},{"@type":"BreadcrumbList","@id":"https:\/\/rentaknife.com\/de\/schaerfdienst-seit-1927\/#breadcrumb","itemListElement":[{"@type":"ListItem","position":1,"name":"Home","item":"https:\/\/rentaknife.com\/de\/"},{"@type":"ListItem","position":2,"name":"Sch\u00e4rfdienst seit 1927"}]},{"@type":"WebSite","@id":"https:\/\/rentaknife.com\/de\/#website","url":"https:\/\/rentaknife.com\/de\/","name":"rentaknife.com","description":"Professional Japanese chef&#039;s knives on a subscription basis","publisher":{"@id":"https:\/\/rentaknife.com\/de\/#organization"},"potentialAction":[{"@type":"SearchAction","target":{"@type":"EntryPoint","urlTemplate":"https:\/\/rentaknife.com\/de\/?s={search_term_string}"},"query-input":{"@type":"PropertyValueSpecification","valueRequired":true,"valueName":"search_term_string"}}],"inLanguage":"de"},{"@type":"Organization","@id":"https:\/\/rentaknife.com\/de\/#organization","name":"rentaknife.com","url":"https:\/\/rentaknife.com\/de\/","logo":{"@type":"ImageObject","inLanguage":"de","@id":"https:\/\/rentaknife.com\/de\/#\/schema\/logo\/image\/","url":"https:\/\/rentaknife.com\/wp-content\/uploads\/2024\/12\/cropped-Logo-rentaknife-4-met-r.png","contentUrl":"https:\/\/rentaknife.com\/wp-content\/uploads\/2024\/12\/cropped-Logo-rentaknife-4-met-r.png","width":3321,"height":657,"caption":"rentaknife.com"},"image":{"@id":"https:\/\/rentaknife.com\/de\/#\/schema\/logo\/image\/"}}]}},"_links":{"self":[{"href":"https:\/\/rentaknife.com\/de\/wp-json\/wp\/v2\/pages\/1719","targetHints":{"allow":["GET"]}}],"collection":[{"href":"https:\/\/rentaknife.com\/de\/wp-json\/wp\/v2\/pages"}],"about":[{"href":"https:\/\/rentaknife.com\/de\/wp-json\/wp\/v2\/types\/page"}],"author":[{"embeddable":true,"href":"https:\/\/rentaknife.com\/de\/wp-json\/wp\/v2\/users\/1"}],"replies":[{"embeddable":true,"href":"https:\/\/rentaknife.com\/de\/wp-json\/wp\/v2\/comments?post=1719"}],"version-history":[{"count":1,"href":"https:\/\/rentaknife.com\/de\/wp-json\/wp\/v2\/pages\/1719\/revisions"}],"predecessor-version":[{"id":1721,"href":"https:\/\/rentaknife.com\/de\/wp-json\/wp\/v2\/pages\/1719\/revisions\/1721"}],"wp:attachment":[{"href":"https:\/\/rentaknife.com\/de\/wp-json\/wp\/v2\/media?parent=1719"}],"curies":[{"name":"wp","href":"https:\/\/api.w.org\/{rel}","templated":true}]}}