{"id":1692,"date":"2024-12-04T12:06:50","date_gmt":"2024-12-04T12:06:50","guid":{"rendered":"https:\/\/rentaknife.com\/kontakt\/"},"modified":"2025-02-27T15:28:40","modified_gmt":"2025-02-27T15:28:40","slug":"kontakt","status":"publish","type":"page","link":"https:\/\/rentaknife.com\/de\/kontakt\/","title":{"rendered":"Kontakt"},"content":{"rendered":"\t\t<div data-elementor-type=\"wp-page\" data-elementor-id=\"1692\" class=\"elementor elementor-1692 elementor-44\" data-elementor-post-type=\"page\">\n\t\t\t\t<div class=\"elementor-element elementor-element-b34f595 e-flex e-con-boxed e-con e-parent\" data-id=\"b34f595\" data-element_type=\"container\" data-e-type=\"container\" data-settings=\"{&quot;background_background&quot;:&quot;slideshow&quot;,&quot;background_slideshow_gallery&quot;:[],&quot;background_slideshow_loop&quot;:&quot;yes&quot;,&quot;background_slideshow_slide_duration&quot;:5000,&quot;background_slideshow_slide_transition&quot;:&quot;fade&quot;,&quot;background_slideshow_transition_duration&quot;:500}\">\n\t\t\t\t\t<div class=\"e-con-inner\">\n\t\t\t\t<div class=\"elementor-element elementor-element-f19e7f1 elementor-widget__width-initial elementor-widget elementor-widget-heading\" data-id=\"f19e7f1\" data-element_type=\"widget\" data-e-type=\"widget\" data-widget_type=\"heading.default\">\n\t\t\t\t<div class=\"elementor-widget-container\">\n\t\t\t\t\t<h2 class=\"elementor-heading-title elementor-size-default\">Kontakt<\/h2>\t\t\t\t<\/div>\n\t\t\t\t<\/div>\n\t\t\t\t\t<\/div>\n\t\t\t\t<\/div>\n\t\t<div class=\"elementor-element elementor-element-25fff27 e-flex e-con-boxed e-con e-parent\" data-id=\"25fff27\" data-element_type=\"container\" data-e-type=\"container\">\n\t\t\t\t\t<div class=\"e-con-inner\">\n\t\t\t\t<div class=\"elementor-element elementor-element-9e90e41 elementor-widget elementor-widget-spacer\" data-id=\"9e90e41\" data-element_type=\"widget\" data-e-type=\"widget\" data-widget_type=\"spacer.default\">\n\t\t\t\t<div class=\"elementor-widget-container\">\n\t\t\t\t\t\t\t<div class=\"elementor-spacer\">\n\t\t\t<div class=\"elementor-spacer-inner\"><\/div>\n\t\t<\/div>\n\t\t\t\t\t\t<\/div>\n\t\t\t\t<\/div>\n\t\t\t\t<div class=\"elementor-element elementor-element-5777d87 elementor-widget elementor-widget-image\" data-id=\"5777d87\" data-element_type=\"widget\" data-e-type=\"widget\" data-widget_type=\"image.default\">\n\t\t\t\t<div class=\"elementor-widget-container\">\n\t\t\t\t\t\t\t\t\t\t\t\t\t\t\t<img fetchpriority=\"high\" decoding=\"async\" width=\"1536\" height=\"1020\" src=\"https:\/\/rentaknife.com\/wp-content\/uploads\/2025\/02\/Kok-met-messen-1536x1020.jpg\" class=\"attachment-1536x1536 size-1536x1536 wp-image-1536\" alt=\"\" srcset=\"https:\/\/rentaknife.com\/wp-content\/uploads\/2025\/02\/Kok-met-messen-1536x1020.jpg 1536w, https:\/\/rentaknife.com\/wp-content\/uploads\/2025\/02\/Kok-met-messen-2000x1328.jpg 2000w, https:\/\/rentaknife.com\/wp-content\/uploads\/2025\/02\/Kok-met-messen-2024x1344.jpg 2024w, https:\/\/rentaknife.com\/wp-content\/uploads\/2025\/02\/Kok-met-messen-768x510.jpg 768w, https:\/\/rentaknife.com\/wp-content\/uploads\/2025\/02\/Kok-met-messen-2048x1360.jpg 2048w, https:\/\/rentaknife.com\/wp-content\/uploads\/2025\/02\/Kok-met-messen-600x399.jpg 600w\" sizes=\"(max-width: 1536px) 100vw, 1536px\" \/>\t\t\t\t\t\t\t\t\t\t\t\t\t\t\t<\/div>\n\t\t\t\t<\/div>\n\t\t\t\t\t<\/div>\n\t\t\t\t<\/div>\n\t\t<div class=\"elementor-element elementor-element-cfa47be e-flex e-con-boxed e-con e-parent\" data-id=\"cfa47be\" data-element_type=\"container\" data-e-type=\"container\">\n\t\t\t\t\t<div class=\"e-con-inner\">\n\t\t<div class=\"elementor-element elementor-element-115fbbc e-con-full e-flex e-con e-child\" data-id=\"115fbbc\" data-element_type=\"container\" data-e-type=\"container\" data-settings=\"{&quot;background_background&quot;:&quot;classic&quot;}\">\n\t\t\t\t<div class=\"elementor-element elementor-element-0005afb elementor-widget elementor-widget-heading\" data-id=\"0005afb\" data-element_type=\"widget\" data-e-type=\"widget\" data-widget_type=\"heading.default\">\n\t\t\t\t<div class=\"elementor-widget-container\">\n\t\t\t\t\t<h2 class=\"elementor-heading-title elementor-size-default\">Kontaktieren Sie uns<\/h2>\t\t\t\t<\/div>\n\t\t\t\t<\/div>\n\t\t\t\t<\/div>\n\t\t\t\t\t<\/div>\n\t\t\t\t<\/div>\n\t\t<div class=\"elementor-element elementor-element-6a29fb7 e-flex e-con-boxed e-con e-parent\" data-id=\"6a29fb7\" data-element_type=\"container\" data-e-type=\"container\">\n\t\t\t\t\t<div class=\"e-con-inner\">\n\t\t<div class=\"elementor-element elementor-element-a84dedf e-con-full e-flex e-con e-child\" data-id=\"a84dedf\" data-element_type=\"container\" data-e-type=\"container\">\n\t\t<div class=\"elementor-element elementor-element-e435fc4 e-con-full e-flex e-con e-child\" data-id=\"e435fc4\" data-element_type=\"container\" data-e-type=\"container\">\n\t\t\t\t<div class=\"elementor-element elementor-element-127256b elementor-widget elementor-widget-text-editor\" data-id=\"127256b\" data-element_type=\"widget\" data-e-type=\"widget\" data-widget_type=\"text-editor.default\">\n\t\t\t\t<div class=\"elementor-widget-container\">\n\t\t\t\t\t\t\t\t\t<p><strong>Kantoor:<\/strong><br>Zeearend 11<br>1704 TE Heerhugowaard<\/p><p>Telefoon: 085 &#8211; 7 444 174<\/p><p><strong>Slijperij:<br><\/strong>Weereweg 51<\/p><p>1732 LJ Lutjewinkel<\/p>\t\t\t\t\t\t\t\t<\/div>\n\t\t\t\t<\/div>\n\t\t\t\t<div class=\"elementor-element elementor-element-ca0adfb elementor-widget elementor-widget-text-editor\" data-id=\"ca0adfb\" data-element_type=\"widget\" data-e-type=\"widget\" data-widget_type=\"text-editor.default\">\n\t\t\t\t<div class=\"elementor-widget-container\">\n\t\t\t\t\t\t\t\t\t<div class=\"flex-shrink-0 flex flex-col relative items-end\"><div class=\"pt-0\"><div class=\"gizmo-bot-avatar flex h-8 w-8 items-center justify-center overflow-hidden rounded-full\"><div class=\"relative p-1 rounded-sm flex items-center justify-center bg-token-main-surface-primary text-token-text-primary h-8 w-8\">F\u00fcr alle Ihre Anfragen oder um ein Angebot anzufordern, k\u00f6nnen Sie uns \u00fcber das untenstehende Formular kontaktieren. Wir sind bereit, Ihnen so schnell wie m\u00f6glich bei allen Fragen zu unseren Messersets und Abonnements zu helfen. Rentaknife\u00ae bietet professionellen Service und L\u00f6sungen sowohl f\u00fcr Privatpersonen als auch f\u00fcr Unternehmen.  <\/div><\/div><\/div><\/div>\t\t\t\t\t\t\t\t<\/div>\n\t\t\t\t<\/div>\n\t\t\t\t<\/div>\n\t\t\t\t<\/div>\n\t\t<div class=\"elementor-element elementor-element-ee2fafa e-con-full e-flex e-con e-child\" data-id=\"ee2fafa\" data-element_type=\"container\" data-e-type=\"container\">\n\t\t<div class=\"elementor-element elementor-element-ce8ea1d e-con-full e-flex e-con e-child\" data-id=\"ce8ea1d\" data-element_type=\"container\" data-e-type=\"container\" data-settings=\"{&quot;background_background&quot;:&quot;classic&quot;}\">\n\t\t\t\t<div class=\"elementor-element elementor-element-af21151 elementor-widget elementor-widget-heading\" data-id=\"af21151\" data-element_type=\"widget\" data-e-type=\"widget\" data-widget_type=\"heading.default\">\n\t\t\t\t<div class=\"elementor-widget-container\">\n\t\t\t\t\t<h2 class=\"elementor-heading-title elementor-size-default\">Kontaktieren Sie uns<\/h2>\t\t\t\t<\/div>\n\t\t\t\t<\/div>\n\t\t\t\t<div class=\"elementor-element elementor-element-94b923e elementor-button-align-stretch elementor-widget elementor-widget-form\" data-id=\"94b923e\" data-element_type=\"widget\" data-e-type=\"widget\" data-settings=\"{&quot;step_next_label&quot;:&quot;N\\u00e4chste&quot;,&quot;step_previous_label&quot;:&quot;Vorherige&quot;,&quot;button_width&quot;:&quot;100&quot;,&quot;step_type&quot;:&quot;number_text&quot;,&quot;step_icon_shape&quot;:&quot;circle&quot;}\" data-widget_type=\"form.default\">\n\t\t\t\t<div class=\"elementor-widget-container\">\n\t\t\t\t\t\t\t<form class=\"elementor-form\" method=\"post\" name=\"Neue Form\" aria-label=\"Neue Form\">\n\t\t\t<input type=\"hidden\" name=\"post_id\" value=\"1692\"\/>\n\t\t\t<input type=\"hidden\" name=\"form_id\" value=\"94b923e\"\/>\n\t\t\t<input type=\"hidden\" name=\"referer_title\" value=\"Kontakt - rentaknife.com\" \/>\n\n\t\t\t\t\t\t\t<input type=\"hidden\" name=\"queried_id\" value=\"1692\"\/>\n\t\t\t\n\t\t\t<div class=\"elementor-form-fields-wrapper elementor-labels-above\">\n\t\t\t\t\t\t\t\t<div class=\"elementor-field-type-text elementor-field-group elementor-column elementor-field-group-name elementor-col-100\">\n\t\t\t\t\t\t\t\t\t\t\t\t<label for=\"form-field-name\" class=\"elementor-field-label\">\n\t\t\t\t\t\t\t\tNaam\t\t\t\t\t\t\t<\/label>\n\t\t\t\t\t\t\t\t\t\t\t\t\t\t<input size=\"1\" type=\"text\" name=\"form_fields[name]\" id=\"form-field-name\" class=\"elementor-field elementor-size-sm  elementor-field-textual\">\n\t\t\t\t\t\t\t\t\t\t\t<\/div>\n\t\t\t\t\t\t\t\t<div class=\"elementor-field-type-email elementor-field-group elementor-column elementor-field-group-email elementor-col-100 elementor-field-required\">\n\t\t\t\t\t\t\t\t\t\t\t\t<label for=\"form-field-email\" class=\"elementor-field-label\">\n\t\t\t\t\t\t\t\tE-Mail\t\t\t\t\t\t\t<\/label>\n\t\t\t\t\t\t\t\t\t\t\t\t\t\t<input size=\"1\" type=\"email\" name=\"form_fields[email]\" id=\"form-field-email\" class=\"elementor-field elementor-size-sm  elementor-field-textual\" required=\"required\">\n\t\t\t\t\t\t\t\t\t\t\t<\/div>\n\t\t\t\t\t\t\t\t<div class=\"elementor-field-type-textarea elementor-field-group elementor-column elementor-field-group-message elementor-col-100\">\n\t\t\t\t\t\t\t\t\t\t\t\t<label for=\"form-field-message\" class=\"elementor-field-label\">\n\t\t\t\t\t\t\t\tBericht\t\t\t\t\t\t\t<\/label>\n\t\t\t\t\t\t<textarea class=\"elementor-field-textual elementor-field  elementor-size-sm\" name=\"form_fields[message]\" id=\"form-field-message\" rows=\"4\"><\/textarea>\t\t\t\t<\/div>\n\t\t\t\t\t\t\t\t<div class=\"elementor-field-group elementor-column elementor-field-type-submit elementor-col-100 e-form__buttons\">\n\t\t\t\t\t<button class=\"elementor-button elementor-size-sm\" type=\"submit\">\n\t\t\t\t\t\t<span class=\"elementor-button-content-wrapper\">\n\t\t\t\t\t\t\t\t\t\t\t\t\t\t\t\t\t\t\t\t\t\t<span class=\"elementor-button-text\">Verzenden<\/span>\n\t\t\t\t\t\t\t\t\t\t\t\t\t<\/span>\n\t\t\t\t\t<\/button>\n\t\t\t\t<\/div>\n\t\t\t<\/div>\n\t\t<\/form>\n\t\t\t\t\t\t<\/div>\n\t\t\t\t<\/div>\n\t\t\t\t<\/div>\n\t\t\t\t<\/div>\n\t\t\t\t\t<\/div>\n\t\t\t\t<\/div>\n\t\t\t\t<\/div>\n\t\t","protected":false},"excerpt":{"rendered":"<p>Kontakt Kontaktieren Sie uns Kantoor:Zeearend 111704 TE Heerhugowaard Telefoon: 085 &#8211; 7 444 174 Slijperij:Weereweg 51 1732 LJ Lutjewinkel F\u00fcr alle Ihre Anfragen oder um ein Angebot anzufordern, k\u00f6nnen Sie uns \u00fcber das untenstehende Formular kontaktieren. Wir sind bereit, Ihnen so schnell wie m\u00f6glich bei allen Fragen zu unseren Messersets und Abonnements zu helfen. Rentaknife\u00ae [&hellip;]<\/p>\n","protected":false},"author":1,"featured_media":0,"parent":0,"menu_order":0,"comment_status":"closed","ping_status":"closed","template":"","meta":{"footnotes":""},"class_list":["post-1692","page","type-page","status-publish","hentry"],"yoast_head":"<!-- This site is optimized with the Yoast SEO plugin v27.3 - https:\/\/yoast.com\/product\/yoast-seo-wordpress\/ -->\n<title>Kontakt - rentaknife.com<\/title>\n<meta name=\"robots\" content=\"index, follow, max-snippet:-1, max-image-preview:large, max-video-preview:-1\" \/>\n<link rel=\"canonical\" href=\"https:\/\/rentaknife.com\/de\/kontakt\/\" \/>\n<meta property=\"og:locale\" content=\"de_DE\" \/>\n<meta property=\"og:type\" content=\"article\" \/>\n<meta property=\"og:title\" content=\"Kontakt - rentaknife.com\" \/>\n<meta property=\"og:description\" content=\"Kontakt Kontaktieren Sie uns Kantoor:Zeearend 111704 TE Heerhugowaard Telefoon: 085 &#8211; 7 444 174 Slijperij:Weereweg 51 1732 LJ Lutjewinkel F\u00fcr alle Ihre Anfragen oder um ein Angebot anzufordern, k\u00f6nnen Sie uns \u00fcber das untenstehende Formular kontaktieren. Wir sind bereit, Ihnen so schnell wie m\u00f6glich bei allen Fragen zu unseren Messersets und Abonnements zu helfen. Rentaknife\u00ae [&hellip;]\" \/>\n<meta property=\"og:url\" content=\"https:\/\/rentaknife.com\/de\/kontakt\/\" \/>\n<meta property=\"og:site_name\" content=\"rentaknife.com\" \/>\n<meta property=\"article:modified_time\" content=\"2025-02-27T15:28:40+00:00\" \/>\n<meta property=\"og:image\" content=\"https:\/\/rentaknife.com\/wp-content\/uploads\/2025\/02\/Kok-met-messen-scaled.jpg\" \/>\n\t<meta property=\"og:image:width\" content=\"2560\" \/>\n\t<meta property=\"og:image:height\" content=\"1700\" \/>\n\t<meta property=\"og:image:type\" content=\"image\/jpeg\" \/>\n<meta name=\"twitter:card\" content=\"summary_large_image\" \/>\n<script type=\"application\/ld+json\" class=\"yoast-schema-graph\">{\"@context\":\"https:\\\/\\\/schema.org\",\"@graph\":[{\"@type\":\"WebPage\",\"@id\":\"https:\\\/\\\/rentaknife.com\\\/de\\\/kontakt\\\/\",\"url\":\"https:\\\/\\\/rentaknife.com\\\/de\\\/kontakt\\\/\",\"name\":\"Kontakt - rentaknife.com\",\"isPartOf\":{\"@id\":\"https:\\\/\\\/rentaknife.com\\\/de\\\/#website\"},\"primaryImageOfPage\":{\"@id\":\"https:\\\/\\\/rentaknife.com\\\/de\\\/kontakt\\\/#primaryimage\"},\"image\":{\"@id\":\"https:\\\/\\\/rentaknife.com\\\/de\\\/kontakt\\\/#primaryimage\"},\"thumbnailUrl\":\"https:\\\/\\\/rentaknife.com\\\/wp-content\\\/uploads\\\/2025\\\/02\\\/Kok-met-messen-1536x1020.jpg\",\"datePublished\":\"2024-12-04T12:06:50+00:00\",\"dateModified\":\"2025-02-27T15:28:40+00:00\",\"breadcrumb\":{\"@id\":\"https:\\\/\\\/rentaknife.com\\\/de\\\/kontakt\\\/#breadcrumb\"},\"inLanguage\":\"de\",\"potentialAction\":[{\"@type\":\"ReadAction\",\"target\":[\"https:\\\/\\\/rentaknife.com\\\/de\\\/kontakt\\\/\"]}]},{\"@type\":\"ImageObject\",\"inLanguage\":\"de\",\"@id\":\"https:\\\/\\\/rentaknife.com\\\/de\\\/kontakt\\\/#primaryimage\",\"url\":\"https:\\\/\\\/rentaknife.com\\\/wp-content\\\/uploads\\\/2025\\\/02\\\/Kok-met-messen-1536x1020.jpg\",\"contentUrl\":\"https:\\\/\\\/rentaknife.com\\\/wp-content\\\/uploads\\\/2025\\\/02\\\/Kok-met-messen-1536x1020.jpg\"},{\"@type\":\"BreadcrumbList\",\"@id\":\"https:\\\/\\\/rentaknife.com\\\/de\\\/kontakt\\\/#breadcrumb\",\"itemListElement\":[{\"@type\":\"ListItem\",\"position\":1,\"name\":\"Home\",\"item\":\"https:\\\/\\\/rentaknife.com\\\/de\\\/\"},{\"@type\":\"ListItem\",\"position\":2,\"name\":\"Kontakt\"}]},{\"@type\":\"WebSite\",\"@id\":\"https:\\\/\\\/rentaknife.com\\\/de\\\/#website\",\"url\":\"https:\\\/\\\/rentaknife.com\\\/de\\\/\",\"name\":\"rentaknife.com\",\"description\":\"Professional Japanese chef&#039;s knives on a subscription basis\",\"publisher\":{\"@id\":\"https:\\\/\\\/rentaknife.com\\\/de\\\/#organization\"},\"potentialAction\":[{\"@type\":\"SearchAction\",\"target\":{\"@type\":\"EntryPoint\",\"urlTemplate\":\"https:\\\/\\\/rentaknife.com\\\/de\\\/?s={search_term_string}\"},\"query-input\":{\"@type\":\"PropertyValueSpecification\",\"valueRequired\":true,\"valueName\":\"search_term_string\"}}],\"inLanguage\":\"de\"},{\"@type\":\"Organization\",\"@id\":\"https:\\\/\\\/rentaknife.com\\\/de\\\/#organization\",\"name\":\"rentaknife.com\",\"url\":\"https:\\\/\\\/rentaknife.com\\\/de\\\/\",\"logo\":{\"@type\":\"ImageObject\",\"inLanguage\":\"de\",\"@id\":\"https:\\\/\\\/rentaknife.com\\\/de\\\/#\\\/schema\\\/logo\\\/image\\\/\",\"url\":\"https:\\\/\\\/rentaknife.com\\\/wp-content\\\/uploads\\\/2024\\\/12\\\/cropped-Logo-rentaknife-4-met-r.png\",\"contentUrl\":\"https:\\\/\\\/rentaknife.com\\\/wp-content\\\/uploads\\\/2024\\\/12\\\/cropped-Logo-rentaknife-4-met-r.png\",\"width\":3321,\"height\":657,\"caption\":\"rentaknife.com\"},\"image\":{\"@id\":\"https:\\\/\\\/rentaknife.com\\\/de\\\/#\\\/schema\\\/logo\\\/image\\\/\"}}]}<\/script>\n<!-- \/ Yoast SEO plugin. -->","yoast_head_json":{"title":"Kontakt - rentaknife.com","robots":{"index":"index","follow":"follow","max-snippet":"max-snippet:-1","max-image-preview":"max-image-preview:large","max-video-preview":"max-video-preview:-1"},"canonical":"https:\/\/rentaknife.com\/de\/kontakt\/","og_locale":"de_DE","og_type":"article","og_title":"Kontakt - rentaknife.com","og_description":"Kontakt Kontaktieren Sie uns Kantoor:Zeearend 111704 TE Heerhugowaard Telefoon: 085 &#8211; 7 444 174 Slijperij:Weereweg 51 1732 LJ Lutjewinkel F\u00fcr alle Ihre Anfragen oder um ein Angebot anzufordern, k\u00f6nnen Sie uns \u00fcber das untenstehende Formular kontaktieren. Wir sind bereit, Ihnen so schnell wie m\u00f6glich bei allen Fragen zu unseren Messersets und Abonnements zu helfen. Rentaknife\u00ae [&hellip;]","og_url":"https:\/\/rentaknife.com\/de\/kontakt\/","og_site_name":"rentaknife.com","article_modified_time":"2025-02-27T15:28:40+00:00","og_image":[{"width":2560,"height":1700,"url":"https:\/\/rentaknife.com\/wp-content\/uploads\/2025\/02\/Kok-met-messen-scaled.jpg","type":"image\/jpeg"}],"twitter_card":"summary_large_image","schema":{"@context":"https:\/\/schema.org","@graph":[{"@type":"WebPage","@id":"https:\/\/rentaknife.com\/de\/kontakt\/","url":"https:\/\/rentaknife.com\/de\/kontakt\/","name":"Kontakt - rentaknife.com","isPartOf":{"@id":"https:\/\/rentaknife.com\/de\/#website"},"primaryImageOfPage":{"@id":"https:\/\/rentaknife.com\/de\/kontakt\/#primaryimage"},"image":{"@id":"https:\/\/rentaknife.com\/de\/kontakt\/#primaryimage"},"thumbnailUrl":"https:\/\/rentaknife.com\/wp-content\/uploads\/2025\/02\/Kok-met-messen-1536x1020.jpg","datePublished":"2024-12-04T12:06:50+00:00","dateModified":"2025-02-27T15:28:40+00:00","breadcrumb":{"@id":"https:\/\/rentaknife.com\/de\/kontakt\/#breadcrumb"},"inLanguage":"de","potentialAction":[{"@type":"ReadAction","target":["https:\/\/rentaknife.com\/de\/kontakt\/"]}]},{"@type":"ImageObject","inLanguage":"de","@id":"https:\/\/rentaknife.com\/de\/kontakt\/#primaryimage","url":"https:\/\/rentaknife.com\/wp-content\/uploads\/2025\/02\/Kok-met-messen-1536x1020.jpg","contentUrl":"https:\/\/rentaknife.com\/wp-content\/uploads\/2025\/02\/Kok-met-messen-1536x1020.jpg"},{"@type":"BreadcrumbList","@id":"https:\/\/rentaknife.com\/de\/kontakt\/#breadcrumb","itemListElement":[{"@type":"ListItem","position":1,"name":"Home","item":"https:\/\/rentaknife.com\/de\/"},{"@type":"ListItem","position":2,"name":"Kontakt"}]},{"@type":"WebSite","@id":"https:\/\/rentaknife.com\/de\/#website","url":"https:\/\/rentaknife.com\/de\/","name":"rentaknife.com","description":"Professional Japanese chef&#039;s knives on a subscription basis","publisher":{"@id":"https:\/\/rentaknife.com\/de\/#organization"},"potentialAction":[{"@type":"SearchAction","target":{"@type":"EntryPoint","urlTemplate":"https:\/\/rentaknife.com\/de\/?s={search_term_string}"},"query-input":{"@type":"PropertyValueSpecification","valueRequired":true,"valueName":"search_term_string"}}],"inLanguage":"de"},{"@type":"Organization","@id":"https:\/\/rentaknife.com\/de\/#organization","name":"rentaknife.com","url":"https:\/\/rentaknife.com\/de\/","logo":{"@type":"ImageObject","inLanguage":"de","@id":"https:\/\/rentaknife.com\/de\/#\/schema\/logo\/image\/","url":"https:\/\/rentaknife.com\/wp-content\/uploads\/2024\/12\/cropped-Logo-rentaknife-4-met-r.png","contentUrl":"https:\/\/rentaknife.com\/wp-content\/uploads\/2024\/12\/cropped-Logo-rentaknife-4-met-r.png","width":3321,"height":657,"caption":"rentaknife.com"},"image":{"@id":"https:\/\/rentaknife.com\/de\/#\/schema\/logo\/image\/"}}]}},"_links":{"self":[{"href":"https:\/\/rentaknife.com\/de\/wp-json\/wp\/v2\/pages\/1692","targetHints":{"allow":["GET"]}}],"collection":[{"href":"https:\/\/rentaknife.com\/de\/wp-json\/wp\/v2\/pages"}],"about":[{"href":"https:\/\/rentaknife.com\/de\/wp-json\/wp\/v2\/types\/page"}],"author":[{"embeddable":true,"href":"https:\/\/rentaknife.com\/de\/wp-json\/wp\/v2\/users\/1"}],"replies":[{"embeddable":true,"href":"https:\/\/rentaknife.com\/de\/wp-json\/wp\/v2\/comments?post=1692"}],"version-history":[{"count":1,"href":"https:\/\/rentaknife.com\/de\/wp-json\/wp\/v2\/pages\/1692\/revisions"}],"predecessor-version":[{"id":1695,"href":"https:\/\/rentaknife.com\/de\/wp-json\/wp\/v2\/pages\/1692\/revisions\/1695"}],"wp:attachment":[{"href":"https:\/\/rentaknife.com\/de\/wp-json\/wp\/v2\/media?parent=1692"}],"curies":[{"name":"wp","href":"https:\/\/api.w.org\/{rel}","templated":true}]}}